{"id":990,"date":"2021-10-27T11:23:29","date_gmt":"2021-10-27T08:23:29","guid":{"rendered":"https:\/\/garnet24.com\/cookies\/"},"modified":"2021-10-28T10:55:46","modified_gmt":"2021-10-28T07:55:46","slug":"cookies","status":"publish","type":"page","link":"https:\/\/old.garnetfinance.com\/cs\/cookies\/","title":{"rendered":"Cookies Policy"},"content":{"rendered":"<p>Browsing this website, which uses cookies and local storage mechanisms, implies that you consent to their use in accordance with this policy.<br \/>\nWe inform you that we may use cookies in order to facilitate your navigation through the Website, distinguish you from other Users and analyze your browsing habits within the Website.<\/p>\n<p><strong>What are cookies?<\/strong><br \/>\nA cookie is a text file that is stored by the Website on your computer or cell phone when you visit the Website. It is a tool that plays an essential role in the provision of many information society services.<br \/>\nCookies allow the website to remember your actions and preferences such as login, language, font size and other display preferences over a period of time, so that you do not have to re-enter them when you return to the website or navigate from one page to another. The information collected also includes IP address, date and time of visits to the Web Site, pages viewed within the Web Site, time spent on our Web Site and sites visited just before and just after the Web Site and other navigational data.<br \/>\nThese preferences are recorded for a period of time, so that you do not have to re-enter them when you return to the Website or navigate from one page to another.<br \/>\nUsers can at any time configure their browser to prevent (block) the use of cookies by certain websites, as well as delete previously stored cookies.<\/p>\n<p><strong>What are cookies used and not used for?<\/strong><br \/>\nCookies are an essential part of the way the website works. The main purpose of our cookies is to improve your browsing experience, i.e. remembering things like your preferences (language, country, etc.) while you browse and for future visits.<br \/>\nThe information collected by cookies also allows us to improve the website by calculating usage figures and trends, as well as to adapt the website to the user&#8217;s personal interests and speed up the search process, etc.<br \/>\nIf we have received your prior consent, we may occasionally use cookies to show you on our or a third party&#8217;s website advertising based on analysis of your browsing habits. We do not use cookies to store personal and confidential data such as your address, password and payment details.<\/p>\n<p><strong>Who uses the information stored in cookies?<\/strong><br \/>\nThe information stored on our website with cookies is used exclusively by GARNET COLLECT, S.L., except for those identified below as &#8222;third party cookies&#8220; which are used and managed by external organizations to provide the services required by us to improve our services and enhance your experience when you browse our website. These &#8222;third party cookies&#8220; are mainly used to obtain access statistics and to ensure whatever payment transactions are made.<br \/>\nTypes of cookies used on this Website.<\/p>\n<p><strong>This Website uses the following types of cookies:<\/strong><br \/>\n\u2022 Own cookies:<br \/>\nThose that are sent to the user&#8217;s terminal equipment from a computer or domain managed by the editor itself and from which the service requested by the user is provided.<br \/>\nThe use of this type of cookies does not require obtaining your consent as they are excluded from the scope of application of Article 22.2 of Law 34\/2002, of July 11, 2002, on information society services and electronic commerce.<br \/>\n\u2022 Third-party cookies:<br \/>\nThose that are sent to the user&#8217;s terminal equipment from a computer or domain that is not managed by the editor, but by another entity that treats the data obtained through cookies.<br \/>\nBy browsing this Website with cookies and local storage enabled, you are consenting to the use of the cookies listed below, for the periods indicated and under the conditions contained in this Cookies Policy, as well as accepting the privacy policies established by the providers of the following functions or features:<\/p>\n<p>What cookies exactly are used on https:\/\/garnet24.com\/es\/ and for what purposes?<\/p>\n<p><strong>Session Cookies<\/strong><br \/>\nDesigned to collect and store data while the user accesses a web page. They are usually<br \/>\nused to store information that is only of interest to keep for the provision of the service<br \/>\nrequested by the user on a single occasion (e.g. a list of products purchased).<\/p>\n<p><strong>How to manage cookies?<\/strong><br \/>\nYou have the option to allow, block or delete cookies installed on your computer by configuring the browser options installed on your computer.<br \/>\nBy disabling cookies, some of the available services may no longer be operational.<br \/>\nThe way to disable cookies is different for each browser but can usually be done from the Tools or Options menu. You can also consult the browser&#8217;s Help menu where you can find instructions.<br \/>\nYou may at any time choose which cookies you want to operate on this website.<\/p>\n<p>You can allow, block or delete cookies installed on your computer by configuring the options of the browser installed on your computer:<br \/>\n&#8211; Microsoft Internet Explorer or Microsoft Edge:<br \/>\nhttp:\/\/windows.microsoft.com\/es-es\/windows-vista\/Block-or-allow-cookies<br \/>\n&#8211; Mozilla Firefox:<br \/>\nhttp:\/\/support.mozilla.org\/es\/kb\/impedir-que-los-sitios-web-guarden-sus-preferencia<br \/>\n&#8211; Chrome:<br \/>\nhttps:\/\/support.google.com\/accounts\/answer\/61416?hl=es<br \/>\n&#8211; Safari:<br \/>\nhttp:\/\/safari.helpmax.net\/es\/privacidad-y-seguridad\/como-gestionar-las-cookies\/<br \/>\n&#8211; Opera:<br \/>\nhttp:\/\/help.opera.com\/Linux\/10.60\/es-ES\/cookies.html<br \/>\nIn addition, you can also manage the cookie store in your browser through tools such as the following:<br \/>\n&#8211; Ghostery:<br \/>\nwww.ghostery.com\/<br \/>\n&#8211; Your Online Choices:<br \/>\nwww.youronlinechoices.com\/es\/<\/p>\n<p><strong>Acceptance of Cookies Policy<\/strong><br \/>\nhttps:\/\/garnet24.com\/es\/, assumes that you accept the use of cookies. However, it displays information about its Cookie Policy at the bottom or top of any page of the website with each login in order to make you aware of it.<br \/>\nGiven the above information it is possible to carry out the following actions:<\/p>\n","protected":false},"excerpt":{"rendered":"<p>Browsing this website, which uses cookies and local storage mechanisms, implies that you consent to their use in accordance with this policy. We inform you that we may use cookies in order to facilitate your navigation through the Website, distinguish you from other Users and analyze your browsing habits within the Website. What are cookies? [&hellip;]<\/p>\n","protected":false},"author":1,"featured_media":0,"parent":0,"menu_order":0,"comment_status":"closed","ping_status":"closed","template":"page-privacy.php","meta":[],"yoast_head":"<!-- This site is optimized with the Yoast SEO plugin v20.2 - https:\/\/yoast.com\/wordpress\/plugins\/seo\/ -->\n<title>Cookies Policy<\/title>\n<meta name=\"robots\" content=\"index, follow, max-snippet:-1, max-image-preview:large, max-video-preview:-1\" \/>\n<link rel=\"canonical\" href=\"https:\/\/old.garnetfinance.com\/cs\/cookies\/\" \/>\n<meta property=\"og:locale\" content=\"cs_CZ\" \/>\n<meta property=\"og:type\" content=\"article\" \/>\n<meta property=\"og:title\" content=\"Cookies Policy\" \/>\n<meta property=\"og:description\" content=\"Browsing this website, which uses cookies and local storage mechanisms, implies that you consent to their use in accordance with this policy. We inform you that we may use cookies in order to facilitate your navigation through the Website, distinguish you from other Users and analyze your browsing habits within the Website. What are cookies? [&hellip;]\" \/>\n<meta property=\"og:url\" content=\"https:\/\/old.garnetfinance.com\/cs\/cookies\/\" \/>\n<meta property=\"og:site_name\" content=\"Garnet - International Purchase and Collection of Debt Portfolios\" \/>\n<meta property=\"article:modified_time\" content=\"2021-10-28T07:55:46+00:00\" \/>\n<meta name=\"twitter:card\" content=\"summary_large_image\" \/>\n<meta name=\"twitter:label1\" content=\"Odhadovan\u00e1 doba \u010dten\u00ed\" \/>\n\t<meta name=\"twitter:data1\" content=\"5 minut\" \/>\n<script type=\"application\/ld+json\" class=\"yoast-schema-graph\">{\"@context\":\"https:\/\/schema.org\",\"@graph\":[{\"@type\":\"WebPage\",\"@id\":\"https:\/\/old.garnetfinance.com\/cs\/cookies\/\",\"url\":\"https:\/\/old.garnetfinance.com\/cs\/cookies\/\",\"name\":\"Cookies Policy\",\"isPartOf\":{\"@id\":\"https:\/\/old.garnetfinance.com\/#website\"},\"datePublished\":\"2021-10-27T08:23:29+00:00\",\"dateModified\":\"2021-10-28T07:55:46+00:00\",\"inLanguage\":\"cs\",\"potentialAction\":[{\"@type\":\"ReadAction\",\"target\":[\"https:\/\/old.garnetfinance.com\/cs\/cookies\/\"]}]},{\"@type\":\"WebSite\",\"@id\":\"https:\/\/old.garnetfinance.com\/#website\",\"url\":\"https:\/\/old.garnetfinance.com\/\",\"name\":\"Garnet - International Purchase and Collection of Debt Portfolios\",\"description\":\"Garnet - International Purchase and Collection of Debt Portfolios\",\"potentialAction\":[{\"@type\":\"SearchAction\",\"target\":{\"@type\":\"EntryPoint\",\"urlTemplate\":\"https:\/\/old.garnetfinance.com\/?s={search_term_string}\"},\"query-input\":\"required name=search_term_string\"}],\"inLanguage\":\"cs\"}]}<\/script>\n<!-- \/ Yoast SEO plugin. -->","yoast_head_json":{"title":"Cookies Policy","robots":{"index":"index","follow":"follow","max-snippet":"max-snippet:-1","max-image-preview":"max-image-preview:large","max-video-preview":"max-video-preview:-1"},"canonical":"https:\/\/old.garnetfinance.com\/cs\/cookies\/","og_locale":"cs_CZ","og_type":"article","og_title":"Cookies Policy","og_description":"Browsing this website, which uses cookies and local storage mechanisms, implies that you consent to their use in accordance with this policy. We inform you that we may use cookies in order to facilitate your navigation through the Website, distinguish you from other Users and analyze your browsing habits within the Website. What are cookies? [&hellip;]","og_url":"https:\/\/old.garnetfinance.com\/cs\/cookies\/","og_site_name":"Garnet - International Purchase and Collection of Debt Portfolios","article_modified_time":"2021-10-28T07:55:46+00:00","twitter_card":"summary_large_image","twitter_misc":{"Odhadovan\u00e1 doba \u010dten\u00ed":"5 minut"},"schema":{"@context":"https:\/\/schema.org","@graph":[{"@type":"WebPage","@id":"https:\/\/old.garnetfinance.com\/cs\/cookies\/","url":"https:\/\/old.garnetfinance.com\/cs\/cookies\/","name":"Cookies Policy","isPartOf":{"@id":"https:\/\/old.garnetfinance.com\/#website"},"datePublished":"2021-10-27T08:23:29+00:00","dateModified":"2021-10-28T07:55:46+00:00","inLanguage":"cs","potentialAction":[{"@type":"ReadAction","target":["https:\/\/old.garnetfinance.com\/cs\/cookies\/"]}]},{"@type":"WebSite","@id":"https:\/\/old.garnetfinance.com\/#website","url":"https:\/\/old.garnetfinance.com\/","name":"Garnet - International Purchase and Collection of Debt Portfolios","description":"Garnet - International Purchase and Collection of Debt Portfolios","potentialAction":[{"@type":"SearchAction","target":{"@type":"EntryPoint","urlTemplate":"https:\/\/old.garnetfinance.com\/?s={search_term_string}"},"query-input":"required name=search_term_string"}],"inLanguage":"cs"}]}},"_links":{"self":[{"href":"https:\/\/old.garnetfinance.com\/cs\/wp-json\/wp\/v2\/pages\/990"}],"collection":[{"href":"https:\/\/old.garnetfinance.com\/cs\/wp-json\/wp\/v2\/pages"}],"about":[{"href":"https:\/\/old.garnetfinance.com\/cs\/wp-json\/wp\/v2\/types\/page"}],"author":[{"embeddable":true,"href":"https:\/\/old.garnetfinance.com\/cs\/wp-json\/wp\/v2\/users\/1"}],"replies":[{"embeddable":true,"href":"https:\/\/old.garnetfinance.com\/cs\/wp-json\/wp\/v2\/comments?post=990"}],"version-history":[{"count":0,"href":"https:\/\/old.garnetfinance.com\/cs\/wp-json\/wp\/v2\/pages\/990\/revisions"}],"wp:attachment":[{"href":"https:\/\/old.garnetfinance.com\/cs\/wp-json\/wp\/v2\/media?parent=990"}],"curies":[{"name":"wp","href":"https:\/\/api.w.org\/{rel}","templated":true}]}}