{"id":556,"date":"2021-08-19T08:08:11","date_gmt":"2021-08-19T05:08:11","guid":{"rendered":"https:\/\/garnet24.com\/privacy\/"},"modified":"2022-08-15T09:26:53","modified_gmt":"2022-08-15T06:26:53","slug":"privacy","status":"publish","type":"page","link":"https:\/\/old.garnetfinance.com\/es\/privacy\/","title":{"rendered":"Pol\u00edtica de privacidad"},"content":{"rendered":"<p><strong>DATOS DEL RESPONSABLE DEL TRATAMIENTO DE SUS DATOS<\/strong><\/p>\n<table>\n<tbody>\n<tr>\n<td>Identidad:<\/td>\n<td>GARNET MANAGEMENT S.L.<\/td>\n<\/tr>\n<tr>\n<td>NIF:<\/td>\n<td>B-06852073<\/td>\n<\/tr>\n<tr>\n<td>Direcci\u00f3n postal:<\/td>\n<td>PASEO DE GRACIA 101, PRINCIPAL 2\u00ba, 08008 BARCELONA<\/td>\n<\/tr>\n<tr>\n<td>P\u00e1gina web:<\/td>\n<td><a href=\"https:\/\/garnet24.com\/es\/\">https:\/\/garnet24.com\/es\/<\/a><\/td>\n<\/tr>\n<tr>\n<td>Correo electr\u00f3nico:<\/td>\n<td><a href=\"mailto:info@garnet24.com\">info@garnet24.com<\/a><\/td>\n<\/tr>\n<tr>\n<td>Datos de contacto del DPD:<\/td>\n<td><a href=\"mailto:dpd@dataprobcn.com\">dpd@dataprobcn.com<\/a><\/td>\n<\/tr>\n<tr>\n<td><\/td>\n<td><\/td>\n<\/tr>\n<\/tbody>\n<\/table>\n<p><strong>FINALIDAD CON LA QUE SE TRATAN SUS DATOS <\/strong><\/p>\n<p>La prestaci\u00f3n de ciertos servicios a trav\u00e9s del presente sitio web puede estar condicionada a la previa cumplimentaci\u00f3n de formularios de contacto y\/o registros de Usuario.<\/p>\n<p>Cuando se le pide al Usuario que introduzca sus datos personales para darle acceso a cualquier funcionalidad o servicio del presente sitio web, se marcar\u00e1n claramente ciertos campos como obligatorios. Esta informaci\u00f3n es necesaria para poder prestar los servicios o darle acceso para la funcionalidad en cuesti\u00f3n.<\/p>\n<p>El Usuario, mediante la entrada de datos en los campos requeridos y la marcaci\u00f3n de las casillas correspondientes, acepta expresamente y de forma inequ\u00edvoca, que sus datos son necesarios para atender su petici\u00f3n por parte del prestador.<\/p>\n<p>Si el Usuario no facilita ese tipo de datos, no podr\u00e1 ser capaz de completar su registro y no se garantiza que pueda utilizar los servicios o funcionalidades de este sitio web, as\u00ed como que la informaci\u00f3n y servicios facilitados sean completamente ajustados a sus necesidades.<\/p>\n<p>Tratamos sus datos de car\u00e1cter personal para las siguientes finalidades:<\/p>\n<ul>\n<li>Gesti\u00f3n administrativa y comercial de clientes y proveedores.<\/li>\n<li>Gesti\u00f3n de recobro de deudas.<\/li>\n<li>Gesti\u00f3n de la informaci\u00f3n y contenidos de nuestra p\u00e1gina web <a href=\"https:\/\/garnet24.com\/es\/\">https:\/\/garnet24.com\/es\/<\/a><u>.<\/u><\/li>\n<li>Gesti\u00f3n de RRHH de nuestros trabajadores y candidatos.<\/li>\n<li>Gesti\u00f3n y comunicaci\u00f3n de las consultas en la web.<\/li>\n<\/ul>\n<p><strong>LEGITIMACI\u00d3N PARA EL TRATAMIENTO DE SUS DATOS<\/strong><\/p>\n<ul>\n<li>El tratamiento se realiza en base a una relaci\u00f3n contractual.<\/li>\n<li>El tratamiento se realiza en base al consentimiento del interesado.<\/li>\n<li>En el caso de los candidatos, la base legal del tratamiento de sus datos ser\u00e1 el consentimiento informado.<\/li>\n<\/ul>\n<p><strong>PERIODO DE CONSERVACI\u00d3N DE SUS DATOS<\/strong><\/p>\n<p>Sus datos se conservar\u00e1n:<\/p>\n<ul>\n<li>Mientras se mantenga la relaci\u00f3n comercial.<\/li>\n<li>Se podr\u00e1n conservar sus datos una vez finalizada toda relaci\u00f3n contractual con los intervinientes durante un periodo de cinco (5) a\u00f1os para cumplir obligaciones legales, sin perjuicio de aquellos datos que deban conservarse durante m\u00e1s tiempo por imposici\u00f3n legal y prescripci\u00f3n de responsabilidades.<\/li>\n<li>Los datos personales proporcionados se conservar\u00e1n hasta que se solicite la supresi\u00f3n por el interesado, siempre que proceda la referida supresi\u00f3n.<\/li>\n<li>Durante el periodo de conservaci\u00f3n por obligaci\u00f3n legal y prescripci\u00f3n de responsabilidades, los datos se conservar\u00e1n bloqueados.<\/li>\n<li>En el caso de los C.V. se conservar\u00e1n durante un per\u00edodo m\u00e1ximo de 1 a\u00f1o desde la recepci\u00f3n del mismo. En el caso que el candidato pase a formar parte del personal de la entidad, el C.V. se incorporar\u00e1 a su expediente laboral.<\/li>\n<li>En el momento que expiren los plazos de conservaci\u00f3n, los datos ser\u00e1n destruidos.<\/li>\n<\/ul>\n<p><strong>DESTINATARIOS DE CESIONES O TRANSFERENCIAS<\/strong><\/p>\n<ul>\n<li>Los datos se ceder\u00e1n, en caso de ser necesario a: bancos y cajas, administraciones p\u00fablicas, a los encargados del tratamiento que dan diferente soporte GARNET MANAGEMENT S.L., as\u00ed como a los terceros necesarios con quien sea necesaria y obligada por ley la comunicaci\u00f3n, con la finalidad de cumplir con la prestaci\u00f3n del servicio anteriormente mencionado.<\/li>\n<\/ul>\n<p><strong>LOS DERECHOS DE LOS INTERESADOS<\/strong><\/p>\n<p><strong>\u00bfCu\u00e1les son sus derechos?<\/strong><\/p>\n<ul>\n<li>Cualquier persona tiene derecho a obtener confirmaci\u00f3n sobre si GARNET MANAGEMENT S.L. est\u00e1 tratando datos personales que le interesen, o no.<\/li>\n<li>Las personas interesadas tienen derecho a acceder a sus datos personales, as\u00ed como a solicitar la rectificaci\u00f3n de sus datos inexactos o, en todo caso, solicitar la supresi\u00f3n cuando, entre otros motivos, los datos ya no sean necesarios para las finalidades para las que fueron recabados.<\/li>\n<li>Los interesados tienen derecho a oponerse al tratamiento de sus datos personales.<\/li>\n<li>En determinadas circunstancia previstas en el art\u00edculo 18 del RGPD, los interesados podr\u00e1n solicitar la limitaci\u00f3n del tratamiento de sus datos, en este caso \u00fanicamente los conservaran para el ejercicio o la defensa de reclamaciones.<\/li>\n<li>En virtud del derecho a la portabilidad, los interesados tienen derecho a obtener los datos personales, que le incumban, en un formato estructurado de uso com\u00fan y lectura mec\u00e1nica y a transmitirlos a otro responsable.<\/li>\n<\/ul>\n<p><strong>\u00bfC\u00f3mo puede ejercer los derechos?<\/strong><\/p>\n<ul>\n<li>Mediante un escrito dirigido a GARNET MANAGEMENT S.L., Paseo de Gracia 101, Principal 2\u00ba, 08008 Barcelona<\/li>\n<li>Mediante un escrito dirigido a GARNET MANAGEMENT S.L. a la direcci\u00f3n de correo electr\u00f3nico: <a href=\"mailto:info@garnet24.com\">info@garnet24.com<\/a>.<\/li>\n<\/ul>\n<p><strong>\u00bfQu\u00e9 v\u00edas de reclamaci\u00f3n existe?<\/strong><\/p>\n<p>Si considera que sus derechos no se han atendido debidamente, tiene derecho a presentar una reclamaci\u00f3n ante la Agencia Espa\u00f1ola de Protecci\u00f3n de Datos (<a href=\"http:\/\/www.aepd.es\">www.aepd.es<\/a>).<\/p>\n<p><strong>VERACIDAD DE LOS DATOS<\/strong><\/p>\n<p>La informaci\u00f3n que facilite el interesado deber\u00e1 de ser veraz, en caso contrario ser\u00e1 responsable del mal que pueda causar a la entidad o a terceros por no facilitar datos aut\u00e9nticos.<\/p>\n<p><strong>INFORMACI\u00d3N ADICIONAL<\/strong><\/p>\n<p>Tratamos los datos de manera l\u00edcita, leal, transparente, adecuada, pertinente, limitada, exacta y actualizada. Es por eso que nos comprometemos a adoptar todas las medidas razonables para que estas se supriman o rectifiquen sin dilaci\u00f3n cuando sean inexactas.<\/p>\n<p>Mientras los interesados no nos comuniquen lo contrario, entenderemos que sus datos no han sido modificados y ser\u00e1n responsables de notificarnos cualquier variaci\u00f3n.<\/p>\n<p><strong>TRATAMIENTO DE DATOS DE MENORES DE EDAD<\/strong><\/p>\n<p>Est\u00e1 prohibido facilitar datos a trav\u00e9s de este portal de persones menores de catorce (14) a\u00f1os. Si alguna persona menor de esta edad facilita datos, ser\u00e1n sus padres o tutores los \u00fanicos responsables de esta situaci\u00f3n.<\/p>\n<p><strong>VIGENCIA Y MODIFICACI\u00d3N DE LA PRESENTE POL\u00cdTICA DE PROTECCI\u00d3N DE<\/strong> <strong>DATOS<\/strong><\/p>\n<p>El titular del sitio se reserva el derecho de modificar su pol\u00edtica de privacidad en el caso de que exista un cambio de la legislaci\u00f3n vigente, doctrina jurisprudencial o para criterios propios empresariales. Si se introduce alg\u00fan cambio en esta pol\u00edtica, el nuevo texto se publicar\u00e1 en esta misma direcci\u00f3n.<\/p>\n<p><strong>\u00a0<\/strong><\/p>\n","protected":false},"excerpt":{"rendered":"<p>DATOS DEL RESPONSABLE DEL TRATAMIENTO DE SUS DATOS Identidad: GARNET MANAGEMENT S.L. NIF: B-06852073 Direcci\u00f3n postal: PASEO DE GRACIA 101, PRINCIPAL 2\u00ba, 08008 BARCELONA P\u00e1gina web: https:\/\/garnet24.com\/es\/ Correo electr\u00f3nico: info@garnet24.com Datos de contacto del DPD: dpd@dataprobcn.com FINALIDAD CON LA QUE SE TRATAN SUS DATOS La prestaci\u00f3n de ciertos servicios a trav\u00e9s del presente sitio web [&hellip;]<\/p>\n","protected":false},"author":1,"featured_media":0,"parent":0,"menu_order":0,"comment_status":"closed","ping_status":"open","template":"page-privacy.php","meta":[],"yoast_head":"<!-- This site is optimized with the Yoast SEO plugin v20.2 - https:\/\/yoast.com\/wordpress\/plugins\/seo\/ -->\n<title>Pol\u00edtica de privacidad<\/title>\n<meta name=\"robots\" content=\"index, follow, max-snippet:-1, max-image-preview:large, max-video-preview:-1\" \/>\n<link rel=\"canonical\" href=\"https:\/\/old.garnetfinance.com\/es\/privacy\/\" \/>\n<meta property=\"og:locale\" content=\"es_ES\" \/>\n<meta property=\"og:type\" content=\"article\" \/>\n<meta property=\"og:title\" content=\"Pol\u00edtica de privacidad\" \/>\n<meta property=\"og:description\" content=\"DATOS DEL RESPONSABLE DEL TRATAMIENTO DE SUS DATOS Identidad: GARNET MANAGEMENT S.L. NIF: B-06852073 Direcci\u00f3n postal: PASEO DE GRACIA 101, PRINCIPAL 2\u00ba, 08008 BARCELONA P\u00e1gina web: https:\/\/garnet24.com\/es\/ Correo electr\u00f3nico: info@garnet24.com Datos de contacto del DPD: dpd@dataprobcn.com FINALIDAD CON LA QUE SE TRATAN SUS DATOS La prestaci\u00f3n de ciertos servicios a trav\u00e9s del presente sitio web [&hellip;]\" \/>\n<meta property=\"og:url\" content=\"https:\/\/old.garnetfinance.com\/es\/privacy\/\" \/>\n<meta property=\"og:site_name\" content=\"Garnet - Compraventa internacional y recobro de las carteras de impagados\" \/>\n<meta property=\"article:modified_time\" content=\"2022-08-15T06:26:53+00:00\" \/>\n<meta name=\"twitter:card\" content=\"summary_large_image\" \/>\n<meta name=\"twitter:label1\" content=\"Tiempo de lectura\" \/>\n\t<meta name=\"twitter:data1\" content=\"5 minutos\" \/>\n<script type=\"application\/ld+json\" class=\"yoast-schema-graph\">{\"@context\":\"https:\/\/schema.org\",\"@graph\":[{\"@type\":\"WebPage\",\"@id\":\"https:\/\/old.garnetfinance.com\/es\/privacy\/\",\"url\":\"https:\/\/old.garnetfinance.com\/es\/privacy\/\",\"name\":\"Pol\u00edtica de privacidad\",\"isPartOf\":{\"@id\":\"https:\/\/old.garnetfinance.com\/#website\"},\"datePublished\":\"2021-08-19T05:08:11+00:00\",\"dateModified\":\"2022-08-15T06:26:53+00:00\",\"inLanguage\":\"es\",\"potentialAction\":[{\"@type\":\"ReadAction\",\"target\":[\"https:\/\/old.garnetfinance.com\/es\/privacy\/\"]}]},{\"@type\":\"WebSite\",\"@id\":\"https:\/\/old.garnetfinance.com\/#website\",\"url\":\"https:\/\/old.garnetfinance.com\/\",\"name\":\"Garnet - Compraventa internacional y recobro de las carteras de impagados\",\"description\":\"Garnet - Compraventa internacional y recobro de las carteras de impagados\",\"potentialAction\":[{\"@type\":\"SearchAction\",\"target\":{\"@type\":\"EntryPoint\",\"urlTemplate\":\"https:\/\/old.garnetfinance.com\/?s={search_term_string}\"},\"query-input\":\"required name=search_term_string\"}],\"inLanguage\":\"es\"}]}<\/script>\n<!-- \/ Yoast SEO plugin. -->","yoast_head_json":{"title":"Pol\u00edtica de privacidad","robots":{"index":"index","follow":"follow","max-snippet":"max-snippet:-1","max-image-preview":"max-image-preview:large","max-video-preview":"max-video-preview:-1"},"canonical":"https:\/\/old.garnetfinance.com\/es\/privacy\/","og_locale":"es_ES","og_type":"article","og_title":"Pol\u00edtica de privacidad","og_description":"DATOS DEL RESPONSABLE DEL TRATAMIENTO DE SUS DATOS Identidad: GARNET MANAGEMENT S.L. NIF: B-06852073 Direcci\u00f3n postal: PASEO DE GRACIA 101, PRINCIPAL 2\u00ba, 08008 BARCELONA P\u00e1gina web: https:\/\/garnet24.com\/es\/ Correo electr\u00f3nico: info@garnet24.com Datos de contacto del DPD: dpd@dataprobcn.com FINALIDAD CON LA QUE SE TRATAN SUS DATOS La prestaci\u00f3n de ciertos servicios a trav\u00e9s del presente sitio web [&hellip;]","og_url":"https:\/\/old.garnetfinance.com\/es\/privacy\/","og_site_name":"Garnet - Compraventa internacional y recobro de las carteras de impagados","article_modified_time":"2022-08-15T06:26:53+00:00","twitter_card":"summary_large_image","twitter_misc":{"Tiempo de lectura":"5 minutos"},"schema":{"@context":"https:\/\/schema.org","@graph":[{"@type":"WebPage","@id":"https:\/\/old.garnetfinance.com\/es\/privacy\/","url":"https:\/\/old.garnetfinance.com\/es\/privacy\/","name":"Pol\u00edtica de privacidad","isPartOf":{"@id":"https:\/\/old.garnetfinance.com\/#website"},"datePublished":"2021-08-19T05:08:11+00:00","dateModified":"2022-08-15T06:26:53+00:00","inLanguage":"es","potentialAction":[{"@type":"ReadAction","target":["https:\/\/old.garnetfinance.com\/es\/privacy\/"]}]},{"@type":"WebSite","@id":"https:\/\/old.garnetfinance.com\/#website","url":"https:\/\/old.garnetfinance.com\/","name":"Garnet - Compraventa internacional y recobro de las carteras de impagados","description":"Garnet - Compraventa internacional y recobro de las carteras de impagados","potentialAction":[{"@type":"SearchAction","target":{"@type":"EntryPoint","urlTemplate":"https:\/\/old.garnetfinance.com\/?s={search_term_string}"},"query-input":"required name=search_term_string"}],"inLanguage":"es"}]}},"_links":{"self":[{"href":"https:\/\/old.garnetfinance.com\/es\/wp-json\/wp\/v2\/pages\/556"}],"collection":[{"href":"https:\/\/old.garnetfinance.com\/es\/wp-json\/wp\/v2\/pages"}],"about":[{"href":"https:\/\/old.garnetfinance.com\/es\/wp-json\/wp\/v2\/types\/page"}],"author":[{"embeddable":true,"href":"https:\/\/old.garnetfinance.com\/es\/wp-json\/wp\/v2\/users\/1"}],"replies":[{"embeddable":true,"href":"https:\/\/old.garnetfinance.com\/es\/wp-json\/wp\/v2\/comments?post=556"}],"version-history":[{"count":2,"href":"https:\/\/old.garnetfinance.com\/es\/wp-json\/wp\/v2\/pages\/556\/revisions"}],"predecessor-version":[{"id":3673,"href":"https:\/\/old.garnetfinance.com\/es\/wp-json\/wp\/v2\/pages\/556\/revisions\/3673"}],"wp:attachment":[{"href":"https:\/\/old.garnetfinance.com\/es\/wp-json\/wp\/v2\/media?parent=556"}],"curies":[{"name":"wp","href":"https:\/\/api.w.org\/{rel}","templated":true}]}}