{"id":986,"date":"2021-10-27T11:23:29","date_gmt":"2021-10-27T08:23:29","guid":{"rendered":"https:\/\/garnet24.com\/?page_id=986"},"modified":"2021-10-27T11:27:49","modified_gmt":"2021-10-27T08:27:49","slug":"cookies","status":"publish","type":"page","link":"https:\/\/old.garnetfinance.com\/es\/cookies\/","title":{"rendered":"POL\u00cdTICA DE COOKIES"},"content":{"rendered":"<p>La navegaci\u00f3n en este sitio web que utiliza cookies y mecanismos de almacenamiento local, conlleva de manera imprescindible el consentimiento del uso de los mismos conforme la presente pol\u00edtica.<br \/>\nLe informamos de que podemos utilizar cookies con la finalidad de facilitar su navegaci\u00f3n a trav\u00e9s del Sitio web, distinguirle de otros Usuarios y analizar sus h\u00e1bitos de navegaci\u00f3n dentro del Sitio web.<br \/>\n<strong><br \/>\n\u00bfQu\u00e9 son las cookies?<\/strong><br \/>\nUna cookie es un archivo de texto que guarda la p\u00e1gina web en su ordenador o tel\u00e9fono m\u00f3vil cuando usted visita la p\u00e1gina. Es una herramienta que tiene un papel esencial para la prestaci\u00f3n de numerosos servicios de la sociedad de la informaci\u00f3n.<br \/>\nLas cookies permiten a la p\u00e1gina web a recordar sus acciones y preferencias tales como login, idioma, tama\u00f1o de letra y otras preferencias de presentaci\u00f3n durante un periodo de tiempo, de manera que usted no tiene que volver a introducirlas cuando regresa a la p\u00e1gina web o navega de una p\u00e1gina a otra. La informaci\u00f3n recabada tambi\u00e9n incluye la direcci\u00f3n IP, fecha y hora de visitas al Sitio Web, las p\u00e1ginas visionadas dentro del Sitio Web, el tiempo que ha estado en nuestro Sitio Web y los sitios visitados justo antes y despu\u00e9s del mismo y otros datos de navegaci\u00f3n<br \/>\nEstas preferencias quedan registradas durante un periodo de tiempo, de manera que usted no tiene que volver a introducirlas cuando regresa a la p\u00e1gina web o navega de una p\u00e1gina a otra.<br \/>\nEl Usuario puede en todo momento configurar su programa de navegaci\u00f3n para impedir (bloquear) el uso de cookies por parte de determinadas webs, as\u00ed como borrar las cookies almacenadas previamente.<\/p>\n<p><strong>\u00bfPara qu\u00e9 se utilizan y no se utilizan las cookies?<\/strong><br \/>\nLas cookies son la parte esencial de la manera c\u00f3mo funciona la p\u00e1gina web. El objetivo principal de nuestras cookies es mejorar su experiencia de navegaci\u00f3n, es decir, recordando cosas como sus preferencias (idioma, pa\u00eds, etc.) mientras navega y para futuras visitas.<br \/>\nLa informaci\u00f3n recolectada por las cookies tambi\u00e9n nos permite mejorar la p\u00e1gina web gracias a los c\u00e1lculos de las cifras y tendencias de utilizaci\u00f3n, as\u00ed como adaptar la p\u00e1gina web a los intereses personales del usuario y acelerar el proceso de b\u00fasqueda, etc.<\/p>\n<p>Si hemos recibido su consentimiento previo, podemos usar ocasionalmente las cookies para mostrarle en nuestra p\u00e1gina web o en la de un tercero publicidad basada en el an\u00e1lisis de sus h\u00e1bitos de navegaci\u00f3n. No utilizamos las cookies para almacenar los datos personales y confidenciales tales como su direcci\u00f3n, su contrase\u00f1a y detalles de pago.<\/p>\n<p><strong>\u00bfQui\u00e9n utiliza la informaci\u00f3n almacenada de las cookies?<\/strong><br \/>\nLa informaci\u00f3n almacenada en nuestra p\u00e1gina web con cookies se utiliza exclusivamente por GARNET COLLECT, S.L., excepto por los que est\u00e1n identificados abajo como \u201ccookies de los terceros\u201d que son utilizadas y manejadas por las organizaciones externas para prestar los servicios requeridos por nosotros para mejorar nuestros servicios y mejorar su experiencia cuando usted navega en nuestra p\u00e1gina web. Estas \u201ccookies de los terceros\u201d se utilizan principalmente para obtener las estad\u00edsticas de acceso y garantizar cualesquiera sean las operaciones de pagos realizadas.<\/p>\n<p><strong>Tipos de cookies que se utilizan en este Sitio web.<\/strong><\/p>\n<p>Este Sitio web utiliza los siguientes tipos de cookies:<\/p>\n<p>\u2022 Cookies propias:<br \/>\nAqu\u00e9llas que se env\u00edan al equipo terminal del usuario desde un equipo o dominio gestionado por el propio editor y desde el que se presta el servicio solicitado por el usuario.<br \/>\nLa utilizaci\u00f3n de este tipo de cookies no precisa la obtenci\u00f3n de su consentimiento por estar excluidas del \u00e1mbito de aplicaci\u00f3n del art\u00edculo 22.2 de la Ley 34\/2002, de 11 de julio, de servicios de la sociedad de la informaci\u00f3n y de comercio electr\u00f3nico.<br \/>\n\u2022 Cookies de terceros:<br \/>\nAqu\u00e9llas que se env\u00edan al equipo terminal del usuario desde un equipo o dominio que no es gestionado por el editor, sino por otra entidad que trata los datos obtenidos trav\u00e9s de las cookies.<br \/>\nAl navegar por este Sitio web con las cookies y almacenamiento local activados estar\u00e1 consintiendo el uso de las cookies que se enuncian a continuaci\u00f3n, por los plazos se\u00f1alados y en las condiciones contenidas en la presente Pol\u00edtica de Cookies, as\u00ed como la aceptaci\u00f3n de las pol\u00edticas de privacidad establecidas por los proveedores de las siguientes funciones o caracter\u00edsticas:<\/p>\n<p><strong>\u00bfQu\u00e9 cookies exactamente se usan en <\/strong><a href=\"https:\/\/garnet24.com\/es\/\">https:\/\/garnet24.com\/es\/<\/a> <strong>y para qu\u00e9 objetivos?<\/strong><\/p>\n<p><em>Cookies de sesi\u00f3n:<\/em><\/p>\n<p>Dise\u00f1adas para recabar y almacenar datos mientras el usuario accede a una p\u00e1gina web. Se suelen<br \/>\nemplear para almacenar informaci\u00f3n que solo interesa conservar para la prestaci\u00f3n del servicio<br \/>\nsolicitado por el usuario en una sola ocasi\u00f3n (p.e. una lista de productos adquiridos).<\/p>\n<p><strong>\u00bfC\u00f3mo manejar las cookies?<\/strong><\/p>\n<p>Tienes la opci\u00f3n de permitir, bloquear o eliminar las cookies instaladas en tu equipo mediante la configuraci\u00f3n de las opciones del navegador instalado en su equipo.<\/p>\n<p>Al desactivar cookies, algunos de los servicios disponibles podr\u00edan dejar de estar operativos.<\/p>\n<p>La forma de deshabilitar las cookies es diferente para cada navegador, pero normalmente puede hacerse desde el men\u00fa Herramientas u Opciones. Tambi\u00e9n puede consultarse el men\u00fa de Ayuda del navegador d\u00f3nde puedes encontrar instrucciones.<\/p>\n<p>El usuario podr\u00e1 en cualquier momento elegir qu\u00e9 cookies quiere que funcionen en este sitio web.<\/p>\n<p>Puede usted permitir, bloquear o eliminar las cookies instaladas en su equipo mediante la configuraci\u00f3n de las opciones del navegador instalado en su ordenador:<\/p>\n<p>\u2022 <u>Microsoft Internet Explorer o Microsoft Edge<\/u>:<\/p>\n<p>http:\/\/windows.microsoft.com\/es-es\/windows-vista\/Block-or-allow-cookies<br \/>\n\u2022 <u>Mozilla Firefox<\/u>:<\/p>\n<p>http:\/\/support.mozilla.org\/es\/kb\/impedir-que-los-sitios-web-guarden-sus-preferencia<br \/>\n\u2022 <u>Chrome<\/u>:<\/p>\n<p>https:\/\/support.google.com\/accounts\/answer\/61416?hl=es<br \/>\n\u2022 <u>Safari<\/u>:<\/p>\n<p>http:\/\/safari.helpmax.net\/es\/privacidad-y-seguridad\/como-gestionar-las-cookies\/<br \/>\n\u2022 <u>Opera<\/u>:<\/p>\n<p>http:\/\/help.opera.com\/Linux\/10.60\/es-ES\/cookies.html<\/p>\n<p>Adem\u00e1s, tambi\u00e9n puede gestionar el almac\u00e9n de cookies en su navegador a trav\u00e9s de herramientas como las siguientes:<br \/>\n\u2022 <u>Ghostery<\/u>:<\/p>\n<p>www.ghostery.com\/<br \/>\n\u2022 <u>Your Online Choices<\/u>:<\/p>\n<p>www.youronlinechoices.com\/es\/<\/p>\n<p><strong>\u00a0<\/strong><\/p>\n<p><strong>Aceptaci\u00f3n de la Pol\u00edtica de cookies<\/strong><\/p>\n<p><a href=\"https:\/\/garnet24.com\/es\/\">https:\/\/garnet24.com\/es\/<\/a>, asume que usted acepta el uso de cookies. No obstante, muestra informaci\u00f3n sobre su Pol\u00edtica de cookies en la parte inferior o superior de cualquier p\u00e1gina del sitio web con cada inicio de sesi\u00f3n con el objeto de que usted sea consciente.<\/p>\n<p>Ante esta informaci\u00f3n es posible llevar a cabo las siguientes acciones:<\/p>\n<p>\u2022 <u>Aceptar cookies:<\/u><\/p>\n<p>No se volver\u00e1 a visualizar este aviso al acceder a cualquier p\u00e1gina del sitio web durante la presente sesi\u00f3n.<\/p>\n","protected":false},"excerpt":{"rendered":"<p>La navegaci\u00f3n en este sitio web que utiliza cookies y mecanismos de almacenamiento local, conlleva de manera imprescindible el consentimiento del uso de los mismos conforme la presente pol\u00edtica. Le informamos de que podemos utilizar cookies con la finalidad de facilitar su navegaci\u00f3n a trav\u00e9s del Sitio web, distinguirle de otros Usuarios y analizar sus [&hellip;]<\/p>\n","protected":false},"author":1,"featured_media":0,"parent":0,"menu_order":0,"comment_status":"closed","ping_status":"closed","template":"page-privacy.php","meta":[],"yoast_head":"<!-- This site is optimized with the Yoast SEO plugin v20.2 - https:\/\/yoast.com\/wordpress\/plugins\/seo\/ -->\n<title>POL\u00cdTICA DE COOKIES<\/title>\n<meta name=\"robots\" content=\"index, follow, max-snippet:-1, max-image-preview:large, max-video-preview:-1\" \/>\n<link rel=\"canonical\" href=\"https:\/\/old.garnetfinance.com\/es\/cookies\/\" \/>\n<meta property=\"og:locale\" content=\"es_ES\" \/>\n<meta property=\"og:type\" content=\"article\" \/>\n<meta property=\"og:title\" content=\"POL\u00cdTICA DE COOKIES\" \/>\n<meta property=\"og:description\" content=\"La navegaci\u00f3n en este sitio web que utiliza cookies y mecanismos de almacenamiento local, conlleva de manera imprescindible el consentimiento del uso de los mismos conforme la presente pol\u00edtica. Le informamos de que podemos utilizar cookies con la finalidad de facilitar su navegaci\u00f3n a trav\u00e9s del Sitio web, distinguirle de otros Usuarios y analizar sus [&hellip;]\" \/>\n<meta property=\"og:url\" content=\"https:\/\/old.garnetfinance.com\/es\/cookies\/\" \/>\n<meta property=\"og:site_name\" content=\"Garnet - Compraventa internacional y recobro de las carteras de impagados\" \/>\n<meta property=\"article:modified_time\" content=\"2021-10-27T08:27:49+00:00\" \/>\n<meta name=\"twitter:card\" content=\"summary_large_image\" \/>\n<meta name=\"twitter:label1\" content=\"Tiempo de lectura\" \/>\n\t<meta name=\"twitter:data1\" content=\"5 minutos\" \/>\n<script type=\"application\/ld+json\" class=\"yoast-schema-graph\">{\"@context\":\"https:\/\/schema.org\",\"@graph\":[{\"@type\":\"WebPage\",\"@id\":\"https:\/\/old.garnetfinance.com\/es\/cookies\/\",\"url\":\"https:\/\/old.garnetfinance.com\/es\/cookies\/\",\"name\":\"POL\u00cdTICA DE COOKIES\",\"isPartOf\":{\"@id\":\"https:\/\/old.garnetfinance.com\/#website\"},\"datePublished\":\"2021-10-27T08:23:29+00:00\",\"dateModified\":\"2021-10-27T08:27:49+00:00\",\"inLanguage\":\"es\",\"potentialAction\":[{\"@type\":\"ReadAction\",\"target\":[\"https:\/\/old.garnetfinance.com\/es\/cookies\/\"]}]},{\"@type\":\"WebSite\",\"@id\":\"https:\/\/old.garnetfinance.com\/#website\",\"url\":\"https:\/\/old.garnetfinance.com\/\",\"name\":\"Garnet - Compraventa internacional y recobro de las carteras de impagados\",\"description\":\"Garnet - Compraventa internacional y recobro de las carteras de impagados\",\"potentialAction\":[{\"@type\":\"SearchAction\",\"target\":{\"@type\":\"EntryPoint\",\"urlTemplate\":\"https:\/\/old.garnetfinance.com\/?s={search_term_string}\"},\"query-input\":\"required name=search_term_string\"}],\"inLanguage\":\"es\"}]}<\/script>\n<!-- \/ Yoast SEO plugin. -->","yoast_head_json":{"title":"POL\u00cdTICA DE COOKIES","robots":{"index":"index","follow":"follow","max-snippet":"max-snippet:-1","max-image-preview":"max-image-preview:large","max-video-preview":"max-video-preview:-1"},"canonical":"https:\/\/old.garnetfinance.com\/es\/cookies\/","og_locale":"es_ES","og_type":"article","og_title":"POL\u00cdTICA DE COOKIES","og_description":"La navegaci\u00f3n en este sitio web que utiliza cookies y mecanismos de almacenamiento local, conlleva de manera imprescindible el consentimiento del uso de los mismos conforme la presente pol\u00edtica. Le informamos de que podemos utilizar cookies con la finalidad de facilitar su navegaci\u00f3n a trav\u00e9s del Sitio web, distinguirle de otros Usuarios y analizar sus [&hellip;]","og_url":"https:\/\/old.garnetfinance.com\/es\/cookies\/","og_site_name":"Garnet - Compraventa internacional y recobro de las carteras de impagados","article_modified_time":"2021-10-27T08:27:49+00:00","twitter_card":"summary_large_image","twitter_misc":{"Tiempo de lectura":"5 minutos"},"schema":{"@context":"https:\/\/schema.org","@graph":[{"@type":"WebPage","@id":"https:\/\/old.garnetfinance.com\/es\/cookies\/","url":"https:\/\/old.garnetfinance.com\/es\/cookies\/","name":"POL\u00cdTICA DE COOKIES","isPartOf":{"@id":"https:\/\/old.garnetfinance.com\/#website"},"datePublished":"2021-10-27T08:23:29+00:00","dateModified":"2021-10-27T08:27:49+00:00","inLanguage":"es","potentialAction":[{"@type":"ReadAction","target":["https:\/\/old.garnetfinance.com\/es\/cookies\/"]}]},{"@type":"WebSite","@id":"https:\/\/old.garnetfinance.com\/#website","url":"https:\/\/old.garnetfinance.com\/","name":"Garnet - Compraventa internacional y recobro de las carteras de impagados","description":"Garnet - Compraventa internacional y recobro de las carteras de impagados","potentialAction":[{"@type":"SearchAction","target":{"@type":"EntryPoint","urlTemplate":"https:\/\/old.garnetfinance.com\/?s={search_term_string}"},"query-input":"required name=search_term_string"}],"inLanguage":"es"}]}},"_links":{"self":[{"href":"https:\/\/old.garnetfinance.com\/es\/wp-json\/wp\/v2\/pages\/986"}],"collection":[{"href":"https:\/\/old.garnetfinance.com\/es\/wp-json\/wp\/v2\/pages"}],"about":[{"href":"https:\/\/old.garnetfinance.com\/es\/wp-json\/wp\/v2\/types\/page"}],"author":[{"embeddable":true,"href":"https:\/\/old.garnetfinance.com\/es\/wp-json\/wp\/v2\/users\/1"}],"replies":[{"embeddable":true,"href":"https:\/\/old.garnetfinance.com\/es\/wp-json\/wp\/v2\/comments?post=986"}],"version-history":[{"count":1,"href":"https:\/\/old.garnetfinance.com\/es\/wp-json\/wp\/v2\/pages\/986\/revisions"}],"predecessor-version":[{"id":3636,"href":"https:\/\/old.garnetfinance.com\/es\/wp-json\/wp\/v2\/pages\/986\/revisions\/3636"}],"wp:attachment":[{"href":"https:\/\/old.garnetfinance.com\/es\/wp-json\/wp\/v2\/media?parent=986"}],"curies":[{"name":"wp","href":"https:\/\/api.w.org\/{rel}","templated":true}]}}