{"id":2999,"date":"2021-10-28T11:52:32","date_gmt":"2021-10-28T08:52:32","guid":{"rendered":"http:\/\/garnet24.xdev\/legal-notice\/"},"modified":"2022-08-15T09:23:02","modified_gmt":"2022-08-15T06:23:02","slug":"legal-notice","status":"publish","type":"page","link":"https:\/\/old.garnetfinance.com\/mx\/legal-notice\/","title":{"rendered":"AVISO LEGAL"},"content":{"rendered":"<p><strong>INFORMACI\u00d3N GENERAL<\/strong><\/p>\n<p>En cumplimiento del Art\u00edculo 10 de la Ley 34\/2002, de 11 de julio, de Servicios de la Sociedad de la Informaci\u00f3n y de Comercio Electr\u00f3nico (LSSI-CE), se informa que el titular del sitio web <a href=\"https:\/\/garnet24.com\/es\/\">https:\/\/garnet24.com\/es\/<\/a> es:<\/p>\n<p>GARNET MANAGEMENT S.L., con NIF B-06852073 y domicilio social en la Paseo de Gracia 101, principal 2\u00ba, 08008 Barcelona, inscrita en el Registro Mercantil de Barcelona, en el tomo 47.903, folio 142, hoja 565.895 e inscripci\u00f3n primera. La direcci\u00f3n de correo electr\u00f3nico de contacto con la empresa es: <a href=\"mailto:info@garnet24.com\">info@garnet24.com<\/a>.<\/p>\n<p>&nbsp;<\/p>\n<p><strong>OBJETO<\/strong><\/p>\n<p>La presente p\u00e1gina web http: <a href=\"https:\/\/garnet24.com\/es\">https:\/\/garnet24.com\/es<\/a>, propiedad de GARNET MANAGEMENT S.L. ha sido creada y dise\u00f1ada para dar a conocer y permitir el acceso general de todos los usuarios de internet, a la informaci\u00f3n, actividades, productos y servicios ofertados por esta entidad.<\/p>\n<p>El presente aviso legal tiene como objeto establecer las Condiciones Generales que regulen el acceso y uso general de la citada p\u00e1gina web por parte de todos los usuarios, de manera que el acceso y uso de \u00e9sta implica necesariamente, la sumisi\u00f3n y aceptaci\u00f3n de las Condiciones Generales citadas incluidas en este Aviso Legal.<\/p>\n<p>&nbsp;<\/p>\n<p><strong>USUARIO<\/strong><\/p>\n<p>La utilizaci\u00f3n de esta p\u00e1gina Web le atribuye la condici\u00f3n de usuario de la misma.<\/p>\n<p>Se recomienda al usuario que lea atenta y detenidamente las condiciones e instrucciones publicadas cada vez que acceda a esta p\u00e1gina web, dado que el acceso implica su lectura y aceptaci\u00f3n. Mediante el acceso y uso a <a href=\"https:\/\/garnet24.com\/es\/\">https:\/\/garnet24.com\/es\/<\/a> \u00a0o cualquiera de sus p\u00e1ginas y subdominios, el usuario manifiesta su acuerdo de forma expresa, plena y sin reservas a las condiciones e instrucciones publicadas en el aviso legal en el momento del acceso sin perjuicio de la aplicaci\u00f3n de la correspondiente normativa de obligado cumplimiento legal seg\u00fan el caso.<\/p>\n<p>Cualquier utilizaci\u00f3n distinta a la autorizada est\u00e1 expresamente prohibida, quedando GARNET MANAGEMENT S.L. facultada para denegar o retirar el acceso y uso de la Web, en cualquier momento, y sin previo aviso, a aquellos usuarios que incumplan estas condiciones generales.<\/p>\n<p>El usuario asume su responsabilidad en el uso correcto del sitio web.<\/p>\n<p>Esta responsabilidad se extender\u00e1 a:<\/p>\n<ul>\n<li>La veracidad y licitud de las informaciones aportadas por el usuario en los formularios extendidos por GARNET MANAGEMENT S.L. para el acceso a ciertos contenidos o servicios ofrecidos por la web.<\/li>\n<li>El uso de la informaci\u00f3n, servicios y datos ofrecidos por la GARNET MANAGEMENT S.L. contrariamente a lo dispuesto por las presentes condiciones, la Ley, la moral, las buenas costumbres o el orden p\u00fablico, o que de cualquier otro modo puedan suponer lesi\u00f3n de los derechos de terceros o del mismo funcionamiento del sitio web.<\/li>\n<li><\/li>\n<\/ul>\n<p><strong>USO NO AUTORIZADO<\/strong><\/p>\n<p>El usuario de este sitio web se compromete a no hacer uso del mismo para fines o actividades ilegales o il\u00edcitas; en consecuencia, no podr\u00e1 variar ninguno de los elementos incorporados en nuestra web, copiar, distribuir, transmitir, presentar, realizar, o en general, reproducir de cualquier modo, publicar, autorizar o crear cualquier trabajo en base a la informaci\u00f3n o el contenido incorporado en nuestro sitio web por GARNET MANAGEMENT S.L., sus agentes, directivos, filiales y\/o empleados.<\/p>\n<p>&nbsp;<\/p>\n<p><strong>OBLIGACIONES DE LOS USUARIOS<\/strong><\/p>\n<p>En general, los usuarios deben operar siempre de acuerdo con la ley, las normas del comportamiento educado y las exigencias de la buena fe, empleando toda la diligencia debida y absteni\u00e9ndose de usar el presente sitio web de una manera que pueda da\u00f1ar o afectar negativamente el funcionamiento normal de este sitio web o nuestros productos, nuestros derechos, a nuestros proveedores, a otros Usuarios o, en general, a cualquier tercero.<\/p>\n<p>&nbsp;<\/p>\n<p>Espec\u00edficamente los Usuarios aceptan hacer lo siguiente mientras usan este sitio web:<\/p>\n<ul>\n<li>Los usuarios proporcionar\u00e1n informaci\u00f3n veraz en los formularios de registro y pedido, y mantendr\u00e1n actualizados dichos datos.<\/li>\n<li>Los usuarios no ingresar\u00e1n, almacenar\u00e1n o propagar\u00e1n en este sitio web ninguna informaci\u00f3n o material que sea difamatorio, insultante, obsceno, amenazante o xen\u00f3fobo, o que pueda incitar a la violencia o discriminaci\u00f3n por motivos de raza, sexo, ideolog\u00eda o religi\u00f3n o que ofenda la moral, el orden p\u00fablico, los derechos fundamentales o las libertades p\u00fablicas, o que vaya en contra del honor, la privacidad o la reputaci\u00f3n de terceros, o que en general viole las normas vigentes.<\/li>\n<li>Los usuarios no ingresar\u00e1n, almacenar\u00e1n ni propagar\u00e1n a trav\u00e9s de este sitio web ning\u00fan programa, datos, virus o c\u00f3digo, ni ning\u00fan otro dispositivo electr\u00f3nico o f\u00edsico que pueda causar da\u00f1o a este sitio web, cualquiera de sus servicios o cualquiera de nuestros equipos, sistemas o redes, a cualquier otro Usuario, a nuestros proveedores o, en general, a cualquier tercero.<\/li>\n<li>Los usuarios no participar\u00e1n en actividades publicitarias ni en ninguna forma de explotaci\u00f3n comercial a trav\u00e9s de este sitio web y no utilizar\u00e1n los contenidos e informaci\u00f3n de <a href=\"https:\/\/garnet24.com\/es\/\">https:\/\/garnet24.com\/es\/<\/a> con fines publicitarios o para enviar mensajes con otros fines comerciales o para recopilar o almacenar los datos personales de los terceros.<\/li>\n<li>Los usuarios no usar\u00e1n una identidad falsa ni asumir\u00e1n la identidad de otros mientras usen <a href=\"https:\/\/garnet24.com\/es\/\">https:\/\/garnet24.com\/es\/<\/a> o cualquiera de sus servicios, incluido el uso de contrase\u00f1as o c\u00f3digos de acceso de los terceros o de otro tipo.<\/li>\n<li>Los usuarios no destruir\u00e1n, alterar\u00e1n, utilizar\u00e1n para sus propios fines, inutilizar\u00e1n o da\u00f1ar\u00e1n nuestros datos, informaci\u00f3n, programas o documentos electr\u00f3nicos, o los de nuestros proveedores o de terceros.<\/li>\n<li>Los usuarios no ingresar\u00e1n, almacenar\u00e1n ni propagar\u00e1n a trav\u00e9s de este sitio web ning\u00fan contenido que viole los derechos de propiedad intelectual o industrial o los secretos comerciales de terceros, o en general, cualquier contenido que no tengan derecho a proporcionar a los terceros en virtud de la Ley.<\/li>\n<\/ul>\n<p>&nbsp;<\/p>\n<p><strong>POL\u00cdTICA DE ENLACES Y EXENCIONES DE RESPONSABILIDAD <\/strong><\/p>\n<p><strong>Enlaces a otros sitios web<\/strong><\/p>\n<p>GARNET MANAGEMENT S.L. no se hace responsable del contenido de los sitios web a los que el usuario pueda acceder a trav\u00e9s de los enlaces establecidos en este sitio web y declara que en ning\u00fan caso proceder\u00e1 a examinar o ejercitar ning\u00fan tipo de control sobre el contenido de otros sitios de la red. Asimismo, tampoco garantizar\u00e1 la disponibilidad t\u00e9cnica, exactitud, veracidad, validez o legalidad de sitios ajenos a su propiedad a los que se pueda acceder por medio de los enlaces.<\/p>\n<p>GARNET MANAGEMENT S.L. declara haber adoptado todas las medidas necesarias para evitar cualesquiera que fueran los da\u00f1os a los usuarios de su sitio web, que pudieran derivarse de la navegaci\u00f3n por su sitio web. En consecuencia, la GARNET MANAGEMENT S.L. no se hace responsable, en ning\u00fan caso, de los eventuales da\u00f1os que por la navegaci\u00f3n por Internet pudiera sufrir el usuario.<\/p>\n<p><strong>\u00a0<\/strong><\/p>\n<p><strong>Enlaces a a este sitio web<\/strong><\/p>\n<p>Queda expresamente prohibida la introducci\u00f3n de hiperv\u00ednculos a este sitio web en otros sitios web con fines comerciales sin el consentimiento previo de GARNET MANAGEMENT S.L. Cualquier Usuario, entidad o pagina web que deseara insertar enlace con destino a este sitio web deber\u00e1 solicitar autorizaci\u00f3n previa y por escrito de GARNET MANAGEMENT S.L.<\/p>\n<p>S\u00f3lo se permite enlazar a la p\u00e1gina de inicio de la web (home page o p\u00e1gina principal de este sitio web) pero no podr\u00e1 reproducirla de ninguna forma (online links, copia de los textos, gr\u00e1ficos, etc).<\/p>\n<p>El enlace debe ser absoluto y completo, es decir, debe llevar al usuario a la propia direcci\u00f3n de <a href=\"https:\/\/garnet24.com\/es\/\">https:\/\/garnet24.com\/es\/<\/a>, abarcando completamente la extensi\u00f3n de la pantalla de la p\u00e1gina que contiene el enlace. En ning\u00fan caso, salvo autorizaci\u00f3n expresa y por escrito de GARNET MANAGEMENT S.L., la p\u00e1gina que realice el enlace podr\u00e1 incluirla como parte de su web o dentro de uno de sus marcos sobre cualquiera de las p\u00e1ginas o contenidos de la presente web.<\/p>\n<p>No se incluir\u00e1 ninguna manifestaci\u00f3n falsa, inexacta o incorrecta sobre las p\u00e1ginas de esta web o los servicios que en ella se ofrecen.<\/p>\n<p>De ninguna manera la presencia de hiperv\u00ednculos en sitios web distintos de este sitio web implicar\u00e1 la existencia de una relaci\u00f3n comercial o de negocios con el propietario del sitio web en el que se ha establecido el hiperv\u00ednculo, o nuestra aceptaci\u00f3n de los contenidos o servicios de dicho sitio web externo.<\/p>\n<p>GARNET MANAGEMENT S.L. no acepta ninguna responsabilidad por el uso o contenido de sitios web de terceros que puedan establecer enlaces con este sitio web.<\/p>\n<p>&nbsp;<\/p>\n<p><strong>MODIFICACIONES<\/strong><\/p>\n<p>GARNET MANAGEMENT S.L. se reserva el derecho a realizar las modificaciones que considere oportunas, sin aviso previo, en el contenido de su sitio web. Tanto en lo referente a los contenidos del sitio web, como en las condiciones de uso del mismo, o en las condiciones generales de contrataci\u00f3n. Dichas modificaciones podr\u00e1n realizarse a trav\u00e9s de su sitio web por cualquier forma admisible en derecho y ser\u00e1n de obligado cumplimiento durante el tiempo en que se encuentren publicadas en el web y hasta que no sean modificadas v\u00e1lidamente por otras posteriores.<\/p>\n<p><strong>PROPIEDAD INTELECTUAL E INDUSTRIAL<\/strong><\/p>\n<p>GARNET MANAGEMENT S.L. por s\u00ed misma o como cesionaria, es titular de todos los derechos de propiedad intelectual e industrial de su p\u00e1gina web, as\u00ed como de los elementos contenidos en la misma (a t\u00edtulo enunciativo, im\u00e1genes, sonido, audio, v\u00eddeo, software o textos; marcas o logotipos, combinaciones de colores, estructura y dise\u00f1o, selecci\u00f3n de materiales usados, programas de ordenador necesarios\u00a0 para su funcionamiento, acceso y uso, etc.), titularidad de GARNET MANAGEMENT S.L. Ser\u00e1n, por\u00a0 consiguiente, obras protegidas como propiedad intelectual por el ordenamiento jur\u00eddico espa\u00f1ol, si\u00e9ndoles aplicables tanto la normativa espa\u00f1ola y comunitaria en este campo, como los tratados internacionales relativos a la materia y suscritos por Espa\u00f1a.<\/p>\n<p>Todos los derechos reservados. En ning\u00fan caso se entender\u00e1 que se concede licencia alguna o se efect\u00faa renuncia, transmisi\u00f3n, cesi\u00f3n total o parcial de dichos derechos. En virtud de lo dispuesto en los art\u00edculos 8 y 32.1, p\u00e1rrafo segundo, de la Ley de Propiedad Intelectual, quedan expresamente prohibidas la reproducci\u00f3n, la distribuci\u00f3n y la comunicaci\u00f3n p\u00fablica, incluida su modalidad de puesta a disposici\u00f3n, de la totalidad o parte de los contenidos de esta p\u00e1gina web, con fines comerciales, en cualquier soporte\u00a0 y\u00a0 por\u00a0 cualquier\u00a0 medio\u00a0 t\u00e9cnico,\u00a0 sin\u00a0 la\u00a0 autorizaci\u00f3n\u00a0 de GARNET MANAGEMENT S.L..<\/p>\n<p>El usuario se compromete a respetar los derechos de Propiedad Intelectual e Industrial titularidad de GARNET MANAGEMENT S.L. Podr\u00e1 visualizar los elementos del portal e incluso imprimirlos, copiarlos y almacenarlos en el disco duro de su ordenador o en cualquier otro soporte f\u00edsico siempre y cuando\u00a0 sea, \u00fanica y exclusivamente, para su uso personal y privado. Las aludidas marcas comerciales son de uso no autorizado, por lo que no podr\u00e1n usarse por ning\u00fan tercero sin el consentimiento expreso por escrito y firmado por sus propietarios. Igualmente el usuario no est\u00e1 autorizado a utilizar, en cualquier otro sitio web, las marcas comerciales de GARNET MANAGEMENT S.L. como v\u00ednculos\u00a0 sin su previo consentimiento por escrito.<\/p>\n<p>A\u00fan en el caso de que el usuario descargue en nuestra web cualquier de las aplicaciones disponibles para tal fin, ello no le otorgar\u00e1 derecho alguno sobre \u00e9stas, dado que GARNET MANAGEMENT S.L. s\u00f3lo le autoriza su uso y conserva todos los derechos de las mismas.<\/p>\n<p>El usuario deber\u00e1 abstenerse de suprimir, alterar, eludir o manipular cualquier dispositivo de protecci\u00f3n o sistema de seguridad que estuviera instalado en las p\u00e1ginas de la GARNET MANAGEMENT S.L.<\/p>\n<p>&nbsp;<\/p>\n<p><strong>ACCIONES LEGALES, LEGISLACI\u00d3N APLICABLE Y JURI<\/strong><strong>SDICCI\u00d3N<\/strong><\/p>\n<p>GARNET MANAGEMENT S.L. se reserva, asimismo, la facultad de presentar las acciones civiles o penales que considere oportunas por la utilizaci\u00f3n indebida de su sitio web y contenidos, o por el incumplimiento de las presentes condiciones.<\/p>\n<p>La relaci\u00f3n entre el usuario y el prestador se regir\u00e1 por la normativa vigente y de aplicaci\u00f3n en el territorio espa\u00f1ol. De surgir cualquier controversia se someter\u00e1 a los Juzgados y tribunales de la ciudad de Barcelona, Espa\u00f1a.<\/p>\n","protected":false},"excerpt":{"rendered":"<p>INFORMACI\u00d3N GENERAL En cumplimiento del Art\u00edculo 10 de la Ley 34\/2002, de 11 de julio, de Servicios de la Sociedad de la Informaci\u00f3n y de Comercio Electr\u00f3nico (LSSI-CE), se informa que el titular del sitio web https:\/\/garnet24.com\/es\/ es: GARNET MANAGEMENT S.L., con NIF B-06852073 y domicilio social en la Paseo de Gracia 101, principal 2\u00ba, [&hellip;]<\/p>\n","protected":false},"author":1,"featured_media":0,"parent":0,"menu_order":0,"comment_status":"closed","ping_status":"closed","template":"page-privacy.php","meta":[],"yoast_head":"<!-- This site is optimized with the Yoast SEO plugin v20.2 - https:\/\/yoast.com\/wordpress\/plugins\/seo\/ -->\n<title>AVISO LEGAL<\/title>\n<meta name=\"robots\" content=\"index, follow, max-snippet:-1, max-image-preview:large, max-video-preview:-1\" \/>\n<link rel=\"canonical\" href=\"https:\/\/old.garnetfinance.com\/es\/legal-notice\/\" \/>\n<meta property=\"og:locale\" content=\"es_ES\" \/>\n<meta property=\"og:type\" content=\"article\" \/>\n<meta property=\"og:title\" content=\"AVISO LEGAL\" \/>\n<meta property=\"og:description\" content=\"INFORMACI\u00d3N GENERAL En cumplimiento del Art\u00edculo 10 de la Ley 34\/2002, de 11 de julio, de Servicios de la Sociedad de la Informaci\u00f3n y de Comercio Electr\u00f3nico (LSSI-CE), se informa que el titular del sitio web https:\/\/garnet24.com\/es\/ es: GARNET MANAGEMENT S.L., con NIF B-06852073 y domicilio social en la Paseo de Gracia 101, principal 2\u00ba, [&hellip;]\" \/>\n<meta property=\"og:url\" content=\"https:\/\/old.garnetfinance.com\/mx\/legal-notice\/\" \/>\n<meta property=\"og:site_name\" content=\"Garnet - Compraventa internacional y recobro de las carteras de impagados\" \/>\n<meta property=\"article:modified_time\" content=\"2022-08-15T06:23:02+00:00\" \/>\n<meta name=\"twitter:card\" content=\"summary_large_image\" \/>\n<meta name=\"twitter:label1\" content=\"Tiempo de lectura\" \/>\n\t<meta name=\"twitter:data1\" content=\"9 minutos\" \/>\n<script type=\"application\/ld+json\" class=\"yoast-schema-graph\">{\"@context\":\"https:\/\/schema.org\",\"@graph\":[{\"@type\":\"WebPage\",\"@id\":\"https:\/\/old.garnetfinance.com\/mx\/legal-notice\/\",\"url\":\"https:\/\/old.garnetfinance.com\/mx\/legal-notice\/\",\"name\":\"AVISO LEGAL\",\"isPartOf\":{\"@id\":\"https:\/\/old.garnetfinance.com\/#website\"},\"datePublished\":\"2021-10-28T08:52:32+00:00\",\"dateModified\":\"2022-08-15T06:23:02+00:00\",\"inLanguage\":\"es\",\"potentialAction\":[{\"@type\":\"ReadAction\",\"target\":[\"https:\/\/old.garnetfinance.com\/mx\/legal-notice\/\"]}]},{\"@type\":\"WebSite\",\"@id\":\"https:\/\/old.garnetfinance.com\/#website\",\"url\":\"https:\/\/old.garnetfinance.com\/\",\"name\":\"Garnet - Compraventa internacional y recobro de las carteras de impagados\",\"description\":\"Garnet - Compraventa internacional y recobro de las carteras de impagados\",\"potentialAction\":[{\"@type\":\"SearchAction\",\"target\":{\"@type\":\"EntryPoint\",\"urlTemplate\":\"https:\/\/old.garnetfinance.com\/?s={search_term_string}\"},\"query-input\":\"required name=search_term_string\"}],\"inLanguage\":\"es\"}]}<\/script>\n<!-- \/ Yoast SEO plugin. -->","yoast_head_json":{"title":"AVISO LEGAL","robots":{"index":"index","follow":"follow","max-snippet":"max-snippet:-1","max-image-preview":"max-image-preview:large","max-video-preview":"max-video-preview:-1"},"canonical":"https:\/\/old.garnetfinance.com\/es\/legal-notice\/","og_locale":"es_ES","og_type":"article","og_title":"AVISO LEGAL","og_description":"INFORMACI\u00d3N GENERAL En cumplimiento del Art\u00edculo 10 de la Ley 34\/2002, de 11 de julio, de Servicios de la Sociedad de la Informaci\u00f3n y de Comercio Electr\u00f3nico (LSSI-CE), se informa que el titular del sitio web https:\/\/garnet24.com\/es\/ es: GARNET MANAGEMENT S.L., con NIF B-06852073 y domicilio social en la Paseo de Gracia 101, principal 2\u00ba, [&hellip;]","og_url":"https:\/\/old.garnetfinance.com\/mx\/legal-notice\/","og_site_name":"Garnet - Compraventa internacional y recobro de las carteras de impagados","article_modified_time":"2022-08-15T06:23:02+00:00","twitter_card":"summary_large_image","twitter_misc":{"Tiempo de lectura":"9 minutos"},"schema":{"@context":"https:\/\/schema.org","@graph":[{"@type":"WebPage","@id":"https:\/\/old.garnetfinance.com\/mx\/legal-notice\/","url":"https:\/\/old.garnetfinance.com\/mx\/legal-notice\/","name":"AVISO LEGAL","isPartOf":{"@id":"https:\/\/old.garnetfinance.com\/#website"},"datePublished":"2021-10-28T08:52:32+00:00","dateModified":"2022-08-15T06:23:02+00:00","inLanguage":"es","potentialAction":[{"@type":"ReadAction","target":["https:\/\/old.garnetfinance.com\/mx\/legal-notice\/"]}]},{"@type":"WebSite","@id":"https:\/\/old.garnetfinance.com\/#website","url":"https:\/\/old.garnetfinance.com\/","name":"Garnet - Compraventa internacional y recobro de las carteras de impagados","description":"Garnet - Compraventa internacional y recobro de las carteras de impagados","potentialAction":[{"@type":"SearchAction","target":{"@type":"EntryPoint","urlTemplate":"https:\/\/old.garnetfinance.com\/?s={search_term_string}"},"query-input":"required name=search_term_string"}],"inLanguage":"es"}]}},"_links":{"self":[{"href":"https:\/\/old.garnetfinance.com\/es\/wp-json\/wp\/v2\/pages\/2999"}],"collection":[{"href":"https:\/\/old.garnetfinance.com\/es\/wp-json\/wp\/v2\/pages"}],"about":[{"href":"https:\/\/old.garnetfinance.com\/es\/wp-json\/wp\/v2\/types\/page"}],"author":[{"embeddable":true,"href":"https:\/\/old.garnetfinance.com\/es\/wp-json\/wp\/v2\/users\/1"}],"replies":[{"embeddable":true,"href":"https:\/\/old.garnetfinance.com\/es\/wp-json\/wp\/v2\/comments?post=2999"}],"version-history":[{"count":2,"href":"https:\/\/old.garnetfinance.com\/es\/wp-json\/wp\/v2\/pages\/2999\/revisions"}],"predecessor-version":[{"id":3671,"href":"https:\/\/old.garnetfinance.com\/es\/wp-json\/wp\/v2\/pages\/2999\/revisions\/3671"}],"wp:attachment":[{"href":"https:\/\/old.garnetfinance.com\/es\/wp-json\/wp\/v2\/media?parent=2999"}],"curies":[{"name":"wp","href":"https:\/\/api.w.org\/{rel}","templated":true}]}}